{"id":4472,"date":"2023-01-13T13:36:06","date_gmt":"2023-01-13T13:36:06","guid":{"rendered":"https:\/\/accessiblevalencia.es\/der-strand-von-valencia\/"},"modified":"2024-06-12T06:53:12","modified_gmt":"2024-06-12T06:53:12","slug":"der-strand-von-valencia","status":"publish","type":"page","link":"https:\/\/accessiblevalencia.es\/de\/der-strand-von-valencia\/","title":{"rendered":"Der Strand von Valencia"},"content":{"rendered":"\t\t<div data-elementor-type=\"wp-page\" data-elementor-id=\"4472\" class=\"elementor elementor-4472 elementor-2732\" data-elementor-post-type=\"page\">\n\t\t\t\t\t\t<section class=\"elementor-section elementor-top-section elementor-element elementor-element-7c59b42 elementor-section-boxed elementor-section-height-default elementor-section-height-default\" data-id=\"7c59b42\" data-element_type=\"section\" data-e-type=\"section\">\n\t\t\t\t\t\t<div class=\"elementor-container elementor-column-gap-default\">\n\t\t\t\t\t<div class=\"elementor-column elementor-col-50 elementor-top-column elementor-element elementor-element-4cdd251\" data-id=\"4cdd251\" data-element_type=\"column\" data-e-type=\"column\">\n\t\t\t<div class=\"elementor-widget-wrap elementor-element-populated\">\n\t\t\t\t\t\t<div class=\"elementor-element elementor-element-465fbce elementor-widget elementor-widget-heading\" data-id=\"465fbce\" data-element_type=\"widget\" data-e-type=\"widget\" data-widget_type=\"heading.default\">\n\t\t\t\t<div class=\"elementor-widget-container\">\n\t\t\t\t\t<h2 class=\"elementor-heading-title elementor-size-default\">F\u00fchlen Sie den valencianischen Sand<\/h2>\t\t\t\t<\/div>\n\t\t\t\t<\/div>\n\t\t\t\t<div class=\"elementor-element elementor-element-8b1e370 elementor-widget elementor-widget-heading\" data-id=\"8b1e370\" data-element_type=\"widget\" data-e-type=\"widget\" data-widget_type=\"heading.default\">\n\t\t\t\t<div class=\"elementor-widget-container\">\n\t\t\t\t\t<h2 class=\"elementor-heading-title elementor-size-default\">Der Strand von Valencia<\/h2>\t\t\t\t<\/div>\n\t\t\t\t<\/div>\n\t\t\t\t<div class=\"elementor-element elementor-element-8e196e8 elementor-widget elementor-widget-text-editor\" data-id=\"8e196e8\" data-element_type=\"widget\" data-e-type=\"widget\" data-widget_type=\"text-editor.default\">\n\t\t\t\t<div class=\"elementor-widget-container\">\n\t\t\t\t\t\t\t\t\t<p>Die Str\u00e4nde von Valencia sind teilweise f\u00fcr Personen mit eingeschr\u00e4nkter Mobilit\u00e4t zug\u00e4nglich, mit zug\u00e4nglichen Toiletten und Rollstuhlwegen.<\/p>\n<p>In den Sommermonaten stellt das Rote Kreuz an bestimmten Orten Strandrollst\u00fchle zur Verf\u00fcgung, die Sie am Strand und im Meer benutzen k\u00f6nnen. Freiwillige Helfer des Roten Kreuzes helfen Ihnen und begleiten Sie ins Wasser. So k\u00f6nnen Sie die Sonne und das Meer ohne Probleme genie\u00dfen.<\/p>\n<p>Wir organisieren zwar keine Touren zum Strand, aber wir k\u00f6nnen Ihnen bei der Buchung eines barrierefreien Taxis helfen, das Sie zum Strand bringt.<\/p>\n\t\t\t\t\t\t\t\t<\/div>\n\t\t\t\t<\/div>\n\t\t\t\t<div class=\"elementor-element elementor-element-ddc9db8 elementor-widget__width-auto elementor-widget-mobile__width-auto elementor-widget elementor-widget-button\" data-id=\"ddc9db8\" data-element_type=\"widget\" data-e-type=\"widget\" data-widget_type=\"button.default\">\n\t\t\t\t<div class=\"elementor-widget-container\">\n\t\t\t\t\t\t\t\t\t<div class=\"elementor-button-wrapper\">\n\t\t\t\t\t<a class=\"elementor-button elementor-button-link elementor-size-sm elementor-animation-float\" href=\"https:\/\/accessiblevalencia.es\/de\/kontakt\/\">\n\t\t\t\t\t\t<span class=\"elementor-button-content-wrapper\">\n\t\t\t\t\t\t\t\t\t<span class=\"elementor-button-text\">Kontakt aufnehmen<\/span>\n\t\t\t\t\t<\/span>\n\t\t\t\t\t<\/a>\n\t\t\t\t<\/div>\n\t\t\t\t\t\t\t\t<\/div>\n\t\t\t\t<\/div>\n\t\t\t\t\t<\/div>\n\t\t<\/div>\n\t\t\t\t<div class=\"elementor-column elementor-col-50 elementor-top-column elementor-element elementor-element-adf8d46\" data-id=\"adf8d46\" data-element_type=\"column\" data-e-type=\"column\">\n\t\t\t<div class=\"elementor-widget-wrap elementor-element-populated\">\n\t\t\t\t\t\t<div class=\"elementor-element elementor-element-3622a96 elementor-widget elementor-widget-gallery\" data-id=\"3622a96\" data-element_type=\"widget\" data-e-type=\"widget\" data-settings=\"{&quot;gallery_layout&quot;:&quot;justified&quot;,&quot;ideal_row_height&quot;:{&quot;unit&quot;:&quot;px&quot;,&quot;size&quot;:150,&quot;sizes&quot;:[]},&quot;gap&quot;:{&quot;unit&quot;:&quot;px&quot;,&quot;size&quot;:12,&quot;sizes&quot;:[]},&quot;ideal_row_height_mobile&quot;:{&quot;unit&quot;:&quot;px&quot;,&quot;size&quot;:100,&quot;sizes&quot;:[]},&quot;lazyload&quot;:&quot;yes&quot;,&quot;ideal_row_height_tablet&quot;:{&quot;unit&quot;:&quot;px&quot;,&quot;size&quot;:150,&quot;sizes&quot;:[]},&quot;gap_tablet&quot;:{&quot;unit&quot;:&quot;px&quot;,&quot;size&quot;:10,&quot;sizes&quot;:[]},&quot;gap_mobile&quot;:{&quot;unit&quot;:&quot;px&quot;,&quot;size&quot;:10,&quot;sizes&quot;:[]},&quot;link_to&quot;:&quot;file&quot;,&quot;overlay_background&quot;:&quot;yes&quot;,&quot;content_hover_animation&quot;:&quot;fade-in&quot;}\" data-widget_type=\"gallery.default\">\n\t\t\t\t<div class=\"elementor-widget-container\">\n\t\t\t\t\t\t\t<div class=\"elementor-gallery__container\">\n\t\t\t\t\t\t\t<a class=\"e-gallery-item elementor-gallery-item elementor-animated-content\" href=\"https:\/\/accessiblevalencia.es\/wp-content\/uploads\/2022\/11\/Beach-wheelchair-at-Valencia-beach.jpeg\" data-elementor-open-lightbox=\"yes\" data-elementor-lightbox-slideshow=\"3622a96\" data-elementor-lightbox-title=\"Beach wheelchair at Valencia beach\" data-elementor-lightbox-description=\"Accessible beach, Valencia\" data-e-action-hash=\"#elementor-action%3Aaction%3Dlightbox%26settings%3DeyJpZCI6NDI4MCwidXJsIjoiaHR0cHM6XC9cL2FjY2Vzc2libGV2YWxlbmNpYS5lc1wvd3AtY29udGVudFwvdXBsb2Fkc1wvMjAyMlwvMTFcL0JlYWNoLXdoZWVsY2hhaXItYXQtVmFsZW5jaWEtYmVhY2guanBlZyIsInNsaWRlc2hvdyI6IjM2MjJhOTYifQ%3D%3D\">\n\t\t\t\t\t<div class=\"e-gallery-image elementor-gallery-item__image\" data-thumbnail=\"https:\/\/accessiblevalencia.es\/wp-content\/uploads\/2022\/11\/Beach-wheelchair-at-Valencia-beach-768x576.jpeg\" data-width=\"768\" data-height=\"576\" aria-label=\"Accessible beach, Valencia\" role=\"img\" ><\/div>\n\t\t\t\t\t\t\t\t\t\t\t<div class=\"elementor-gallery-item__overlay\"><\/div>\n\t\t\t\t\t\t\t\t\t\t\t\t\t\t<\/a>\n\t\t\t\t\t\t\t<a class=\"e-gallery-item elementor-gallery-item elementor-animated-content\" href=\"https:\/\/accessiblevalencia.es\/wp-content\/uploads\/2023\/02\/Valencia-Cabanyal.jpg\" data-elementor-open-lightbox=\"yes\" data-elementor-lightbox-slideshow=\"3622a96\" data-elementor-lightbox-title=\"Valencia Cabanyal\" data-elementor-lightbox-description=\"Accessible beach, Valencia\" data-e-action-hash=\"#elementor-action%3Aaction%3Dlightbox%26settings%3DeyJpZCI6NDQxMCwidXJsIjoiaHR0cHM6XC9cL2FjY2Vzc2libGV2YWxlbmNpYS5lc1wvd3AtY29udGVudFwvdXBsb2Fkc1wvMjAyM1wvMDJcL1ZhbGVuY2lhLUNhYmFueWFsLmpwZyIsInNsaWRlc2hvdyI6IjM2MjJhOTYifQ%3D%3D\">\n\t\t\t\t\t<div class=\"e-gallery-image elementor-gallery-item__image\" data-thumbnail=\"https:\/\/accessiblevalencia.es\/wp-content\/uploads\/2023\/02\/Valencia-Cabanyal-768x432.jpg\" data-width=\"768\" data-height=\"432\" aria-label=\"Accessible beach, Valencia\" role=\"img\" ><\/div>\n\t\t\t\t\t\t\t\t\t\t\t<div class=\"elementor-gallery-item__overlay\"><\/div>\n\t\t\t\t\t\t\t\t\t\t\t\t\t\t<\/a>\n\t\t\t\t\t\t\t<a class=\"e-gallery-item elementor-gallery-item elementor-animated-content\" href=\"https:\/\/accessiblevalencia.es\/wp-content\/uploads\/2023\/02\/Red-Cross-beach.webp\" data-elementor-open-lightbox=\"yes\" data-elementor-lightbox-slideshow=\"3622a96\" data-elementor-lightbox-title=\"Red Cross beach\" data-elementor-lightbox-description=\"Accessible beach, Valencia\" data-e-action-hash=\"#elementor-action%3Aaction%3Dlightbox%26settings%3DeyJpZCI6NDQwOSwidXJsIjoiaHR0cHM6XC9cL2FjY2Vzc2libGV2YWxlbmNpYS5lc1wvd3AtY29udGVudFwvdXBsb2Fkc1wvMjAyM1wvMDJcL1JlZC1Dcm9zcy1iZWFjaC53ZWJwIiwic2xpZGVzaG93IjoiMzYyMmE5NiJ9\">\n\t\t\t\t\t<div class=\"e-gallery-image elementor-gallery-item__image\" data-thumbnail=\"https:\/\/accessiblevalencia.es\/wp-content\/uploads\/2023\/02\/Red-Cross-beach.webp\" data-width=\"400\" data-height=\"269\" aria-label=\"Accessible beach, Valencia\" role=\"img\" ><\/div>\n\t\t\t\t\t\t\t\t\t\t\t<div class=\"elementor-gallery-item__overlay\"><\/div>\n\t\t\t\t\t\t\t\t\t\t\t\t\t\t<\/a>\n\t\t\t\t\t\t\t<a class=\"e-gallery-item elementor-gallery-item elementor-animated-content\" href=\"https:\/\/accessiblevalencia.es\/wp-content\/uploads\/2023\/02\/Malvarosa-1-scaled.jpg\" data-elementor-open-lightbox=\"yes\" data-elementor-lightbox-slideshow=\"3622a96\" data-elementor-lightbox-title=\"Malvarosa beach\" data-elementor-lightbox-description=\"Accessible beach, Valencia\" data-e-action-hash=\"#elementor-action%3Aaction%3Dlightbox%26settings%3DeyJpZCI6NDQwOCwidXJsIjoiaHR0cHM6XC9cL2FjY2Vzc2libGV2YWxlbmNpYS5lc1wvd3AtY29udGVudFwvdXBsb2Fkc1wvMjAyM1wvMDJcL01hbHZhcm9zYS0xLXNjYWxlZC5qcGciLCJzbGlkZXNob3ciOiIzNjIyYTk2In0%3D\">\n\t\t\t\t\t<div class=\"e-gallery-image elementor-gallery-item__image\" data-thumbnail=\"https:\/\/accessiblevalencia.es\/wp-content\/uploads\/2023\/02\/Malvarosa-1-768x576.jpg\" data-width=\"768\" data-height=\"576\" aria-label=\"Accessible beach, Valencia\" role=\"img\" ><\/div>\n\t\t\t\t\t\t\t\t\t\t\t<div class=\"elementor-gallery-item__overlay\"><\/div>\n\t\t\t\t\t\t\t\t\t\t\t\t\t\t<\/a>\n\t\t\t\t\t\t\t<a class=\"e-gallery-item elementor-gallery-item elementor-animated-content\" href=\"https:\/\/accessiblevalencia.es\/wp-content\/uploads\/2023\/02\/FB-logo-foto.png\" data-elementor-open-lightbox=\"yes\" data-elementor-lightbox-slideshow=\"3622a96\" data-elementor-lightbox-title=\"Accessible area\" data-elementor-lightbox-description=\"Accessible beach, Valencia\" data-e-action-hash=\"#elementor-action%3Aaction%3Dlightbox%26settings%3DeyJpZCI6NDQwNywidXJsIjoiaHR0cHM6XC9cL2FjY2Vzc2libGV2YWxlbmNpYS5lc1wvd3AtY29udGVudFwvdXBsb2Fkc1wvMjAyM1wvMDJcL0ZCLWxvZ28tZm90by5wbmciLCJzbGlkZXNob3ciOiIzNjIyYTk2In0%3D\">\n\t\t\t\t\t<div class=\"e-gallery-image elementor-gallery-item__image\" data-thumbnail=\"https:\/\/accessiblevalencia.es\/wp-content\/uploads\/2023\/02\/FB-logo-foto.png\" data-width=\"281\" data-height=\"274\" aria-label=\"Accessible beach, Valencia\" role=\"img\" ><\/div>\n\t\t\t\t\t\t\t\t\t\t\t<div class=\"elementor-gallery-item__overlay\"><\/div>\n\t\t\t\t\t\t\t\t\t\t\t\t\t\t<\/a>\n\t\t\t\t\t\t\t<a class=\"e-gallery-item elementor-gallery-item elementor-animated-content\" href=\"https:\/\/accessiblevalencia.es\/wp-content\/uploads\/2023\/02\/Accessible-beach.jpg\" data-elementor-open-lightbox=\"yes\" data-elementor-lightbox-slideshow=\"3622a96\" data-elementor-lightbox-title=\"Accessible beach\" data-elementor-lightbox-description=\"Accessible beach, Valencia\" data-e-action-hash=\"#elementor-action%3Aaction%3Dlightbox%26settings%3DeyJpZCI6NDQwNiwidXJsIjoiaHR0cHM6XC9cL2FjY2Vzc2libGV2YWxlbmNpYS5lc1wvd3AtY29udGVudFwvdXBsb2Fkc1wvMjAyM1wvMDJcL0FjY2Vzc2libGUtYmVhY2guanBnIiwic2xpZGVzaG93IjoiMzYyMmE5NiJ9\">\n\t\t\t\t\t<div class=\"e-gallery-image elementor-gallery-item__image\" data-thumbnail=\"https:\/\/accessiblevalencia.es\/wp-content\/uploads\/2023\/02\/Accessible-beach-768x510.jpg\" data-width=\"768\" data-height=\"510\" aria-label=\"Accessible beach, Valencia\" role=\"img\" ><\/div>\n\t\t\t\t\t\t\t\t\t\t\t<div class=\"elementor-gallery-item__overlay\"><\/div>\n\t\t\t\t\t\t\t\t\t\t\t\t\t\t<\/a>\n\t\t\t\t\t<\/div>\n\t\t\t\t\t<\/div>\n\t\t\t\t<\/div>\n\t\t\t\t\t<\/div>\n\t\t<\/div>\n\t\t\t\t\t<\/div>\n\t\t<\/section>\n\t\t\t\t<\/div>\n\t\t","protected":false},"excerpt":{"rendered":"<p>F\u00fchlen Sie den valencianischen Sand Der Strand von Valencia Die Str\u00e4nde von Valencia sind teilweise f\u00fcr Personen mit eingeschr\u00e4nkter Mobilit\u00e4t zug\u00e4nglich, mit zug\u00e4nglichen Toiletten und Rollstuhlwegen. In den Sommermonaten stellt das Rote Kreuz an bestimmten Orten Strandrollst\u00fchle zur Verf\u00fcgung, die Sie am Strand und im Meer benutzen k\u00f6nnen. Freiwillige Helfer des Roten Kreuzes helfen Ihnen [&hellip;]<\/p>\n","protected":false},"author":1,"featured_media":4280,"parent":0,"menu_order":0,"comment_status":"closed","ping_status":"closed","template":"","meta":{"footnotes":""},"class_list":["post-4472","page","type-page","status-publish","has-post-thumbnail","hentry"],"yoast_head":"<!-- This site is optimized with the Yoast SEO plugin v27.4 - https:\/\/yoast.com\/product\/yoast-seo-wordpress\/ -->\n<title>Der Strand von Valencia - Accessible Valencia<\/title>\n<meta name=\"description\" content=\"Einige der Str\u00e4nde Valencias sind f\u00fcr Rollstuhlfahrer zug\u00e4nglich und verf\u00fcgen \u00fcber einen speziellen Service - fragen Sie uns!\" \/>\n<meta name=\"robots\" content=\"index, follow, max-snippet:-1, max-image-preview:large, max-video-preview:-1\" \/>\n<link rel=\"canonical\" href=\"https:\/\/accessiblevalencia.es\/de\/der-strand-von-valencia\/\" \/>\n<meta property=\"og:locale\" content=\"de_DE\" \/>\n<meta property=\"og:type\" content=\"article\" \/>\n<meta property=\"og:title\" content=\"Der Strand von Valencia - Accessible Valencia\" \/>\n<meta property=\"og:description\" content=\"Einige der Str\u00e4nde Valencias sind f\u00fcr Rollstuhlfahrer zug\u00e4nglich und verf\u00fcgen \u00fcber einen speziellen Service - fragen Sie uns!\" \/>\n<meta property=\"og:url\" content=\"https:\/\/accessiblevalencia.es\/de\/der-strand-von-valencia\/\" \/>\n<meta property=\"og:site_name\" content=\"Accessible Valencia\" \/>\n<meta property=\"article:modified_time\" content=\"2024-06-12T06:53:12+00:00\" \/>\n<meta property=\"og:image\" content=\"https:\/\/accessiblevalencia.es\/wp-content\/uploads\/2022\/11\/shutterstock_712575202-scaled.jpg\" \/>\n\t<meta property=\"og:image:width\" content=\"2560\" \/>\n\t<meta property=\"og:image:height\" content=\"1644\" \/>\n\t<meta property=\"og:image:type\" content=\"image\/jpeg\" \/>\n<meta name=\"twitter:card\" content=\"summary_large_image\" \/>\n<script type=\"application\/ld+json\" class=\"yoast-schema-graph\">{\"@context\":\"https:\\\/\\\/schema.org\",\"@graph\":[{\"@type\":\"WebPage\",\"@id\":\"https:\\\/\\\/accessiblevalencia.es\\\/de\\\/der-strand-von-valencia\\\/\",\"url\":\"https:\\\/\\\/accessiblevalencia.es\\\/de\\\/der-strand-von-valencia\\\/\",\"name\":\"Der Strand von Valencia - Accessible Valencia\",\"isPartOf\":{\"@id\":\"https:\\\/\\\/accessiblevalencia.es\\\/de\\\/#website\"},\"primaryImageOfPage\":{\"@id\":\"https:\\\/\\\/accessiblevalencia.es\\\/de\\\/der-strand-von-valencia\\\/#primaryimage\"},\"image\":{\"@id\":\"https:\\\/\\\/accessiblevalencia.es\\\/de\\\/der-strand-von-valencia\\\/#primaryimage\"},\"thumbnailUrl\":\"https:\\\/\\\/accessiblevalencia.es\\\/wp-content\\\/uploads\\\/2022\\\/11\\\/Beach-wheelchair-at-Valencia-beach.jpeg\",\"datePublished\":\"2023-01-13T13:36:06+00:00\",\"dateModified\":\"2024-06-12T06:53:12+00:00\",\"description\":\"Einige der Str\u00e4nde Valencias sind f\u00fcr Rollstuhlfahrer zug\u00e4nglich und verf\u00fcgen \u00fcber einen speziellen Service - fragen Sie uns!\",\"breadcrumb\":{\"@id\":\"https:\\\/\\\/accessiblevalencia.es\\\/de\\\/der-strand-von-valencia\\\/#breadcrumb\"},\"inLanguage\":\"de\",\"potentialAction\":[{\"@type\":\"ReadAction\",\"target\":[\"https:\\\/\\\/accessiblevalencia.es\\\/de\\\/der-strand-von-valencia\\\/\"]}]},{\"@type\":\"ImageObject\",\"inLanguage\":\"de\",\"@id\":\"https:\\\/\\\/accessiblevalencia.es\\\/de\\\/der-strand-von-valencia\\\/#primaryimage\",\"url\":\"https:\\\/\\\/accessiblevalencia.es\\\/wp-content\\\/uploads\\\/2022\\\/11\\\/Beach-wheelchair-at-Valencia-beach.jpeg\",\"contentUrl\":\"https:\\\/\\\/accessiblevalencia.es\\\/wp-content\\\/uploads\\\/2022\\\/11\\\/Beach-wheelchair-at-Valencia-beach.jpeg\",\"width\":2470,\"height\":1853,\"caption\":\"Accessible beach, Valencia\"},{\"@type\":\"BreadcrumbList\",\"@id\":\"https:\\\/\\\/accessiblevalencia.es\\\/de\\\/der-strand-von-valencia\\\/#breadcrumb\",\"itemListElement\":[{\"@type\":\"ListItem\",\"position\":1,\"name\":\"Home\",\"item\":\"https:\\\/\\\/accessiblevalencia.es\\\/de\\\/\"},{\"@type\":\"ListItem\",\"position\":2,\"name\":\"Der Strand von Valencia\"}]},{\"@type\":\"WebSite\",\"@id\":\"https:\\\/\\\/accessiblevalencia.es\\\/de\\\/#website\",\"url\":\"https:\\\/\\\/accessiblevalencia.es\\\/de\\\/\",\"name\":\"Accessible Valencia\",\"description\":\"Valencia in wheelchair\",\"publisher\":{\"@id\":\"https:\\\/\\\/accessiblevalencia.es\\\/de\\\/#organization\"},\"potentialAction\":[{\"@type\":\"SearchAction\",\"target\":{\"@type\":\"EntryPoint\",\"urlTemplate\":\"https:\\\/\\\/accessiblevalencia.es\\\/de\\\/?s={search_term_string}\"},\"query-input\":{\"@type\":\"PropertyValueSpecification\",\"valueRequired\":true,\"valueName\":\"search_term_string\"}}],\"inLanguage\":\"de\"},{\"@type\":\"Organization\",\"@id\":\"https:\\\/\\\/accessiblevalencia.es\\\/de\\\/#organization\",\"name\":\"Accessible Valencia\",\"url\":\"https:\\\/\\\/accessiblevalencia.es\\\/de\\\/\",\"logo\":{\"@type\":\"ImageObject\",\"inLanguage\":\"de\",\"@id\":\"https:\\\/\\\/accessiblevalencia.es\\\/de\\\/#\\\/schema\\\/logo\\\/image\\\/\",\"url\":\"https:\\\/\\\/accessiblevalencia.es\\\/wp-content\\\/uploads\\\/2020\\\/10\\\/Logo-Accessible-Valencia.svg\",\"contentUrl\":\"https:\\\/\\\/accessiblevalencia.es\\\/wp-content\\\/uploads\\\/2020\\\/10\\\/Logo-Accessible-Valencia.svg\",\"width\":222,\"height\":77,\"caption\":\"Accessible Valencia\"},\"image\":{\"@id\":\"https:\\\/\\\/accessiblevalencia.es\\\/de\\\/#\\\/schema\\\/logo\\\/image\\\/\"}}]}<\/script>\n<!-- \/ Yoast SEO plugin. -->","yoast_head_json":{"title":"Der Strand von Valencia - Accessible Valencia","description":"Einige der Str\u00e4nde Valencias sind f\u00fcr Rollstuhlfahrer zug\u00e4nglich und verf\u00fcgen \u00fcber einen speziellen Service - fragen Sie uns!","robots":{"index":"index","follow":"follow","max-snippet":"max-snippet:-1","max-image-preview":"max-image-preview:large","max-video-preview":"max-video-preview:-1"},"canonical":"https:\/\/accessiblevalencia.es\/de\/der-strand-von-valencia\/","og_locale":"de_DE","og_type":"article","og_title":"Der Strand von Valencia - Accessible Valencia","og_description":"Einige der Str\u00e4nde Valencias sind f\u00fcr Rollstuhlfahrer zug\u00e4nglich und verf\u00fcgen \u00fcber einen speziellen Service - fragen Sie uns!","og_url":"https:\/\/accessiblevalencia.es\/de\/der-strand-von-valencia\/","og_site_name":"Accessible Valencia","article_modified_time":"2024-06-12T06:53:12+00:00","og_image":[{"width":2560,"height":1644,"url":"https:\/\/accessiblevalencia.es\/wp-content\/uploads\/2022\/11\/shutterstock_712575202-scaled.jpg","type":"image\/jpeg"}],"twitter_card":"summary_large_image","schema":{"@context":"https:\/\/schema.org","@graph":[{"@type":"WebPage","@id":"https:\/\/accessiblevalencia.es\/de\/der-strand-von-valencia\/","url":"https:\/\/accessiblevalencia.es\/de\/der-strand-von-valencia\/","name":"Der Strand von Valencia - Accessible Valencia","isPartOf":{"@id":"https:\/\/accessiblevalencia.es\/de\/#website"},"primaryImageOfPage":{"@id":"https:\/\/accessiblevalencia.es\/de\/der-strand-von-valencia\/#primaryimage"},"image":{"@id":"https:\/\/accessiblevalencia.es\/de\/der-strand-von-valencia\/#primaryimage"},"thumbnailUrl":"https:\/\/accessiblevalencia.es\/wp-content\/uploads\/2022\/11\/Beach-wheelchair-at-Valencia-beach.jpeg","datePublished":"2023-01-13T13:36:06+00:00","dateModified":"2024-06-12T06:53:12+00:00","description":"Einige der Str\u00e4nde Valencias sind f\u00fcr Rollstuhlfahrer zug\u00e4nglich und verf\u00fcgen \u00fcber einen speziellen Service - fragen Sie uns!","breadcrumb":{"@id":"https:\/\/accessiblevalencia.es\/de\/der-strand-von-valencia\/#breadcrumb"},"inLanguage":"de","potentialAction":[{"@type":"ReadAction","target":["https:\/\/accessiblevalencia.es\/de\/der-strand-von-valencia\/"]}]},{"@type":"ImageObject","inLanguage":"de","@id":"https:\/\/accessiblevalencia.es\/de\/der-strand-von-valencia\/#primaryimage","url":"https:\/\/accessiblevalencia.es\/wp-content\/uploads\/2022\/11\/Beach-wheelchair-at-Valencia-beach.jpeg","contentUrl":"https:\/\/accessiblevalencia.es\/wp-content\/uploads\/2022\/11\/Beach-wheelchair-at-Valencia-beach.jpeg","width":2470,"height":1853,"caption":"Accessible beach, Valencia"},{"@type":"BreadcrumbList","@id":"https:\/\/accessiblevalencia.es\/de\/der-strand-von-valencia\/#breadcrumb","itemListElement":[{"@type":"ListItem","position":1,"name":"Home","item":"https:\/\/accessiblevalencia.es\/de\/"},{"@type":"ListItem","position":2,"name":"Der Strand von Valencia"}]},{"@type":"WebSite","@id":"https:\/\/accessiblevalencia.es\/de\/#website","url":"https:\/\/accessiblevalencia.es\/de\/","name":"Accessible Valencia","description":"Valencia in wheelchair","publisher":{"@id":"https:\/\/accessiblevalencia.es\/de\/#organization"},"potentialAction":[{"@type":"SearchAction","target":{"@type":"EntryPoint","urlTemplate":"https:\/\/accessiblevalencia.es\/de\/?s={search_term_string}"},"query-input":{"@type":"PropertyValueSpecification","valueRequired":true,"valueName":"search_term_string"}}],"inLanguage":"de"},{"@type":"Organization","@id":"https:\/\/accessiblevalencia.es\/de\/#organization","name":"Accessible Valencia","url":"https:\/\/accessiblevalencia.es\/de\/","logo":{"@type":"ImageObject","inLanguage":"de","@id":"https:\/\/accessiblevalencia.es\/de\/#\/schema\/logo\/image\/","url":"https:\/\/accessiblevalencia.es\/wp-content\/uploads\/2020\/10\/Logo-Accessible-Valencia.svg","contentUrl":"https:\/\/accessiblevalencia.es\/wp-content\/uploads\/2020\/10\/Logo-Accessible-Valencia.svg","width":222,"height":77,"caption":"Accessible Valencia"},"image":{"@id":"https:\/\/accessiblevalencia.es\/de\/#\/schema\/logo\/image\/"}}]}},"_links":{"self":[{"href":"https:\/\/accessiblevalencia.es\/de\/wp-json\/wp\/v2\/pages\/4472","targetHints":{"allow":["GET"]}}],"collection":[{"href":"https:\/\/accessiblevalencia.es\/de\/wp-json\/wp\/v2\/pages"}],"about":[{"href":"https:\/\/accessiblevalencia.es\/de\/wp-json\/wp\/v2\/types\/page"}],"author":[{"embeddable":true,"href":"https:\/\/accessiblevalencia.es\/de\/wp-json\/wp\/v2\/users\/1"}],"replies":[{"embeddable":true,"href":"https:\/\/accessiblevalencia.es\/de\/wp-json\/wp\/v2\/comments?post=4472"}],"version-history":[{"count":0,"href":"https:\/\/accessiblevalencia.es\/de\/wp-json\/wp\/v2\/pages\/4472\/revisions"}],"wp:featuredmedia":[{"embeddable":true,"href":"https:\/\/accessiblevalencia.es\/de\/wp-json\/wp\/v2\/media\/4280"}],"wp:attachment":[{"href":"https:\/\/accessiblevalencia.es\/de\/wp-json\/wp\/v2\/media?parent=4472"}],"curies":[{"name":"wp","href":"https:\/\/api.w.org\/{rel}","templated":true}]}}