{"id":4461,"date":"2023-01-17T14:03:52","date_gmt":"2023-01-17T14:03:52","guid":{"rendered":"https:\/\/accessiblevalencia.es\/natur-touren\/"},"modified":"2024-06-12T06:50:10","modified_gmt":"2024-06-12T06:50:10","slug":"natur-touren","status":"publish","type":"page","link":"https:\/\/accessiblevalencia.es\/de\/natur-touren\/","title":{"rendered":"Natur-Touren"},"content":{"rendered":"\t\t<div data-elementor-type=\"wp-page\" data-elementor-id=\"4461\" class=\"elementor elementor-4461 elementor-2934\" data-elementor-post-type=\"page\">\n\t\t\t\t\t\t<section class=\"elementor-section elementor-top-section elementor-element elementor-element-eabdc52 elementor-section-boxed elementor-section-height-default elementor-section-height-default\" data-id=\"eabdc52\" data-element_type=\"section\" data-e-type=\"section\">\n\t\t\t\t\t\t<div class=\"elementor-container elementor-column-gap-default\">\n\t\t\t\t\t<div class=\"elementor-column elementor-col-50 elementor-top-column elementor-element elementor-element-7ae3308\" data-id=\"7ae3308\" data-element_type=\"column\" data-e-type=\"column\">\n\t\t\t<div class=\"elementor-widget-wrap elementor-element-populated\">\n\t\t\t\t\t\t<div class=\"elementor-element elementor-element-934e578 elementor-widget elementor-widget-heading\" data-id=\"934e578\" data-element_type=\"widget\" data-e-type=\"widget\" data-widget_type=\"heading.default\">\n\t\t\t\t<div class=\"elementor-widget-container\">\n\t\t\t\t\t<h2 class=\"elementor-heading-title elementor-size-default\">Natur-Touren<\/h2>\t\t\t\t<\/div>\n\t\t\t\t<\/div>\n\t\t\t\t<div class=\"elementor-element elementor-element-5c17dd6 elementor-widget elementor-widget-heading\" data-id=\"5c17dd6\" data-element_type=\"widget\" data-e-type=\"widget\" data-widget_type=\"heading.default\">\n\t\t\t\t<div class=\"elementor-widget-container\">\n\t\t\t\t\t<h2 class=\"elementor-heading-title elementor-size-default\">K\u00fcste oder See...?<\/h2>\t\t\t\t<\/div>\n\t\t\t\t<\/div>\n\t\t\t\t<div class=\"elementor-element elementor-element-edc7f04 elementor-widget elementor-widget-text-editor\" data-id=\"edc7f04\" data-element_type=\"widget\" data-e-type=\"widget\" data-widget_type=\"text-editor.default\">\n\t\t\t\t<div class=\"elementor-widget-container\">\n\t\t\t\t\t\t\t\t\t<p>Nach ein paar Tagen in der Stadt m\u00f6chten Sie vielleicht raus aus der Stadt, um frische Luft und Abenteuer zu erleben!<\/p>\n<p>Wir organisieren rollstuhlgerechte Touren zu einigen Orten in der N\u00e4he von Valencia; zum <em>Wandern<\/em> entlang der Nordk\u00fcste oder zum Albufera-See, s\u00fcdlich von Valencia.<\/p>\n<p>Z\u00f6gern Sie nicht, uns f\u00fcr weitere Informationen zu kontaktieren!<\/p>\n\t\t\t\t\t\t\t\t<\/div>\n\t\t\t\t<\/div>\n\t\t\t\t<div class=\"elementor-element elementor-element-ec34942 elementor-widget__width-auto elementor-widget-mobile__width-auto elementor-widget elementor-widget-button\" data-id=\"ec34942\" data-element_type=\"widget\" data-e-type=\"widget\" data-widget_type=\"button.default\">\n\t\t\t\t<div class=\"elementor-widget-container\">\n\t\t\t\t\t\t\t\t\t<div class=\"elementor-button-wrapper\">\n\t\t\t\t\t<a class=\"elementor-button elementor-button-link elementor-size-sm elementor-animation-float\" href=\"https:\/\/accessiblevalencia.es\/de\/kontakt\/\">\n\t\t\t\t\t\t<span class=\"elementor-button-content-wrapper\">\n\t\t\t\t\t\t\t\t\t<span class=\"elementor-button-text\">Kontakt aufnehmen<\/span>\n\t\t\t\t\t<\/span>\n\t\t\t\t\t<\/a>\n\t\t\t\t<\/div>\n\t\t\t\t\t\t\t\t<\/div>\n\t\t\t\t<\/div>\n\t\t\t\t\t<\/div>\n\t\t<\/div>\n\t\t\t\t<div class=\"elementor-column elementor-col-50 elementor-top-column elementor-element elementor-element-1d083b0\" data-id=\"1d083b0\" data-element_type=\"column\" data-e-type=\"column\">\n\t\t\t<div class=\"elementor-widget-wrap elementor-element-populated\">\n\t\t\t\t\t\t<div class=\"elementor-element elementor-element-986d366 elementor-widget elementor-widget-gallery\" data-id=\"986d366\" data-element_type=\"widget\" data-e-type=\"widget\" data-settings=\"{&quot;gallery_layout&quot;:&quot;justified&quot;,&quot;ideal_row_height&quot;:{&quot;unit&quot;:&quot;px&quot;,&quot;size&quot;:150,&quot;sizes&quot;:[]},&quot;gap&quot;:{&quot;unit&quot;:&quot;px&quot;,&quot;size&quot;:12,&quot;sizes&quot;:[]},&quot;ideal_row_height_mobile&quot;:{&quot;unit&quot;:&quot;px&quot;,&quot;size&quot;:100,&quot;sizes&quot;:[]},&quot;lazyload&quot;:&quot;yes&quot;,&quot;ideal_row_height_tablet&quot;:{&quot;unit&quot;:&quot;px&quot;,&quot;size&quot;:150,&quot;sizes&quot;:[]},&quot;gap_tablet&quot;:{&quot;unit&quot;:&quot;px&quot;,&quot;size&quot;:10,&quot;sizes&quot;:[]},&quot;gap_mobile&quot;:{&quot;unit&quot;:&quot;px&quot;,&quot;size&quot;:10,&quot;sizes&quot;:[]},&quot;link_to&quot;:&quot;file&quot;,&quot;overlay_background&quot;:&quot;yes&quot;,&quot;content_hover_animation&quot;:&quot;fade-in&quot;}\" data-widget_type=\"gallery.default\">\n\t\t\t\t<div class=\"elementor-widget-container\">\n\t\t\t\t\t\t\t<div class=\"elementor-gallery__container\">\n\t\t\t\t\t\t\t<a class=\"e-gallery-item elementor-gallery-item elementor-animated-content\" href=\"https:\/\/accessiblevalencia.es\/wp-content\/uploads\/2023\/01\/IMG_4533-scaled.jpg\" data-elementor-open-lightbox=\"yes\" data-elementor-lightbox-slideshow=\"986d366\" data-elementor-lightbox-title=\"hiking 1\" data-elementor-lightbox-description=\"Nature tours Valencia\" data-e-action-hash=\"#elementor-action%3Aaction%3Dlightbox%26settings%3DeyJpZCI6NDM3MiwidXJsIjoiaHR0cHM6XC9cL2FjY2Vzc2libGV2YWxlbmNpYS5lc1wvd3AtY29udGVudFwvdXBsb2Fkc1wvMjAyM1wvMDFcL0lNR180NTMzLXNjYWxlZC5qcGciLCJzbGlkZXNob3ciOiI5ODZkMzY2In0%3D\">\n\t\t\t\t\t<div class=\"e-gallery-image elementor-gallery-item__image\" data-thumbnail=\"https:\/\/accessiblevalencia.es\/wp-content\/uploads\/2023\/01\/IMG_4533-768x576.jpg\" data-width=\"768\" data-height=\"576\" aria-label=\"Nature tours Valencia\" role=\"img\" ><\/div>\n\t\t\t\t\t\t\t\t\t\t\t<div class=\"elementor-gallery-item__overlay\"><\/div>\n\t\t\t\t\t\t\t\t\t\t\t\t\t\t<\/a>\n\t\t\t\t\t\t\t<a class=\"e-gallery-item elementor-gallery-item elementor-animated-content\" href=\"https:\/\/accessiblevalencia.es\/wp-content\/uploads\/2023\/01\/IMG_4528.jpg\" data-elementor-open-lightbox=\"yes\" data-elementor-lightbox-slideshow=\"986d366\" data-elementor-lightbox-title=\"Hiking 3\" data-elementor-lightbox-description=\"Accessible hiking tour, Valencia\" data-e-action-hash=\"#elementor-action%3Aaction%3Dlightbox%26settings%3DeyJpZCI6NDM3MCwidXJsIjoiaHR0cHM6XC9cL2FjY2Vzc2libGV2YWxlbmNpYS5lc1wvd3AtY29udGVudFwvdXBsb2Fkc1wvMjAyM1wvMDFcL0lNR180NTI4LmpwZyIsInNsaWRlc2hvdyI6Ijk4NmQzNjYifQ%3D%3D\">\n\t\t\t\t\t<div class=\"e-gallery-image elementor-gallery-item__image\" data-thumbnail=\"https:\/\/accessiblevalencia.es\/wp-content\/uploads\/2023\/01\/IMG_4528-768x576.jpg\" data-width=\"768\" data-height=\"576\" aria-label=\"Accessible hiking tour, Valencia\" role=\"img\" ><\/div>\n\t\t\t\t\t\t\t\t\t\t\t<div class=\"elementor-gallery-item__overlay\"><\/div>\n\t\t\t\t\t\t\t\t\t\t\t\t\t\t<\/a>\n\t\t\t\t\t\t\t<a class=\"e-gallery-item elementor-gallery-item elementor-animated-content\" href=\"https:\/\/accessiblevalencia.es\/wp-content\/uploads\/2023\/01\/Albufera.jpg\" data-elementor-open-lightbox=\"yes\" data-elementor-lightbox-slideshow=\"986d366\" data-elementor-lightbox-title=\"Albufera\" data-elementor-lightbox-description=\"Accessible Albufera tour, Valencia\" data-e-action-hash=\"#elementor-action%3Aaction%3Dlightbox%26settings%3DeyJpZCI6NDM2MiwidXJsIjoiaHR0cHM6XC9cL2FjY2Vzc2libGV2YWxlbmNpYS5lc1wvd3AtY29udGVudFwvdXBsb2Fkc1wvMjAyM1wvMDFcL0FsYnVmZXJhLmpwZyIsInNsaWRlc2hvdyI6Ijk4NmQzNjYifQ%3D%3D\">\n\t\t\t\t\t<div class=\"e-gallery-image elementor-gallery-item__image\" data-thumbnail=\"https:\/\/accessiblevalencia.es\/wp-content\/uploads\/2023\/01\/Albufera-768x576.jpg\" data-width=\"768\" data-height=\"576\" aria-label=\"Accessible Albufera tour, Valencia\" role=\"img\" ><\/div>\n\t\t\t\t\t\t\t\t\t\t\t<div class=\"elementor-gallery-item__overlay\"><\/div>\n\t\t\t\t\t\t\t\t\t\t\t\t\t\t<\/a>\n\t\t\t\t\t\t\t<a class=\"e-gallery-item elementor-gallery-item elementor-animated-content\" href=\"https:\/\/accessiblevalencia.es\/wp-content\/uploads\/2023\/01\/Albufera-view-3.jpg\" data-elementor-open-lightbox=\"yes\" data-elementor-lightbox-slideshow=\"986d366\" data-elementor-lightbox-title=\"Albufera view 3\" data-elementor-lightbox-description=\"Accessible Albufera tour, Valencia\" data-e-action-hash=\"#elementor-action%3Aaction%3Dlightbox%26settings%3DeyJpZCI6NDM1OSwidXJsIjoiaHR0cHM6XC9cL2FjY2Vzc2libGV2YWxlbmNpYS5lc1wvd3AtY29udGVudFwvdXBsb2Fkc1wvMjAyM1wvMDFcL0FsYnVmZXJhLXZpZXctMy5qcGciLCJzbGlkZXNob3ciOiI5ODZkMzY2In0%3D\">\n\t\t\t\t\t<div class=\"e-gallery-image elementor-gallery-item__image\" data-thumbnail=\"https:\/\/accessiblevalencia.es\/wp-content\/uploads\/2023\/01\/Albufera-view-3-768x576.jpg\" data-width=\"768\" data-height=\"576\" aria-label=\"Accessible Albufera tour, Valencia\" role=\"img\" ><\/div>\n\t\t\t\t\t\t\t\t\t\t\t<div class=\"elementor-gallery-item__overlay\"><\/div>\n\t\t\t\t\t\t\t\t\t\t\t\t\t\t<\/a>\n\t\t\t\t\t\t\t<a class=\"e-gallery-item elementor-gallery-item elementor-animated-content\" href=\"https:\/\/accessiblevalencia.es\/wp-content\/uploads\/2023\/01\/Albufera-boat-trip-3-scaled.jpg\" data-elementor-open-lightbox=\"yes\" data-elementor-lightbox-slideshow=\"986d366\" data-elementor-lightbox-title=\"Albufera boat trip 3\" data-elementor-lightbox-description=\"Accessible Albufera tour, Valencia\" data-e-action-hash=\"#elementor-action%3Aaction%3Dlightbox%26settings%3DeyJpZCI6NDM1NCwidXJsIjoiaHR0cHM6XC9cL2FjY2Vzc2libGV2YWxlbmNpYS5lc1wvd3AtY29udGVudFwvdXBsb2Fkc1wvMjAyM1wvMDFcL0FsYnVmZXJhLWJvYXQtdHJpcC0zLXNjYWxlZC5qcGciLCJzbGlkZXNob3ciOiI5ODZkMzY2In0%3D\">\n\t\t\t\t\t<div class=\"e-gallery-image elementor-gallery-item__image\" data-thumbnail=\"https:\/\/accessiblevalencia.es\/wp-content\/uploads\/2023\/01\/Albufera-boat-trip-3-768x576.jpg\" data-width=\"768\" data-height=\"576\" aria-label=\"Accessible Albufera tour, Valencia\" role=\"img\" ><\/div>\n\t\t\t\t\t\t\t\t\t\t\t<div class=\"elementor-gallery-item__overlay\"><\/div>\n\t\t\t\t\t\t\t\t\t\t\t\t\t\t<\/a>\n\t\t\t\t\t\t\t<a class=\"e-gallery-item elementor-gallery-item elementor-animated-content\" href=\"https:\/\/accessiblevalencia.es\/wp-content\/uploads\/2023\/01\/IMG_4522-min-scaled.jpg\" data-elementor-open-lightbox=\"yes\" data-elementor-lightbox-slideshow=\"986d366\" data-elementor-lightbox-title=\"Hiking 2\" data-elementor-lightbox-description=\"Acessible hiking tour, Valencia\" data-e-action-hash=\"#elementor-action%3Aaction%3Dlightbox%26settings%3DeyJpZCI6NDMzOCwidXJsIjoiaHR0cHM6XC9cL2FjY2Vzc2libGV2YWxlbmNpYS5lc1wvd3AtY29udGVudFwvdXBsb2Fkc1wvMjAyM1wvMDFcL0lNR180NTIyLW1pbi1zY2FsZWQuanBnIiwic2xpZGVzaG93IjoiOTg2ZDM2NiJ9\">\n\t\t\t\t\t<div class=\"e-gallery-image elementor-gallery-item__image\" data-thumbnail=\"https:\/\/accessiblevalencia.es\/wp-content\/uploads\/2023\/01\/IMG_4522-min-768x576.jpg\" data-width=\"768\" data-height=\"576\" aria-label=\"Acessible hiking tour, Valencia\" role=\"img\" ><\/div>\n\t\t\t\t\t\t\t\t\t\t\t<div class=\"elementor-gallery-item__overlay\"><\/div>\n\t\t\t\t\t\t\t\t\t\t\t\t\t\t<\/a>\n\t\t\t\t\t\t\t<a class=\"e-gallery-item elementor-gallery-item elementor-animated-content\" href=\"https:\/\/accessiblevalencia.es\/wp-content\/uploads\/2023\/01\/rolstoel-1-Albufera-4.jpg\" data-elementor-open-lightbox=\"yes\" data-elementor-lightbox-slideshow=\"986d366\" data-elementor-lightbox-title=\"Albufera\" data-elementor-lightbox-description=\"Accessible nature tours Valencia\" data-e-action-hash=\"#elementor-action%3Aaction%3Dlightbox%26settings%3DeyJpZCI6NDM0MSwidXJsIjoiaHR0cHM6XC9cL2FjY2Vzc2libGV2YWxlbmNpYS5lc1wvd3AtY29udGVudFwvdXBsb2Fkc1wvMjAyM1wvMDFcL3JvbHN0b2VsLTEtQWxidWZlcmEtNC5qcGciLCJzbGlkZXNob3ciOiI5ODZkMzY2In0%3D\">\n\t\t\t\t\t<div class=\"e-gallery-image elementor-gallery-item__image\" data-thumbnail=\"https:\/\/accessiblevalencia.es\/wp-content\/uploads\/2023\/01\/rolstoel-1-Albufera-4-768x166.jpg\" data-width=\"768\" data-height=\"166\" aria-label=\"Accessible nature tours Valencia\" role=\"img\" ><\/div>\n\t\t\t\t\t\t\t\t\t\t\t<div class=\"elementor-gallery-item__overlay\"><\/div>\n\t\t\t\t\t\t\t\t\t\t\t\t\t\t<\/a>\n\t\t\t\t\t\t\t<a class=\"e-gallery-item elementor-gallery-item elementor-animated-content\" href=\"https:\/\/accessiblevalencia.es\/wp-content\/uploads\/2023\/01\/Albufera-rice-factory.jpg\" data-elementor-open-lightbox=\"yes\" data-elementor-lightbox-slideshow=\"986d366\" data-elementor-lightbox-title=\"Albufera rice factory\" data-elementor-lightbox-description=\"Accessible Albufera tour, Valencia\" data-e-action-hash=\"#elementor-action%3Aaction%3Dlightbox%26settings%3DeyJpZCI6NDM1NiwidXJsIjoiaHR0cHM6XC9cL2FjY2Vzc2libGV2YWxlbmNpYS5lc1wvd3AtY29udGVudFwvdXBsb2Fkc1wvMjAyM1wvMDFcL0FsYnVmZXJhLXJpY2UtZmFjdG9yeS5qcGciLCJzbGlkZXNob3ciOiI5ODZkMzY2In0%3D\">\n\t\t\t\t\t<div class=\"e-gallery-image elementor-gallery-item__image\" data-thumbnail=\"https:\/\/accessiblevalencia.es\/wp-content\/uploads\/2023\/01\/Albufera-rice-factory-768x576.jpg\" data-width=\"768\" data-height=\"576\" aria-label=\"Accessible Albufera tour, Valencia\" role=\"img\" ><\/div>\n\t\t\t\t\t\t\t\t\t\t\t<div class=\"elementor-gallery-item__overlay\"><\/div>\n\t\t\t\t\t\t\t\t\t\t\t\t\t\t<\/a>\n\t\t\t\t\t<\/div>\n\t\t\t\t\t<\/div>\n\t\t\t\t<\/div>\n\t\t\t\t\t<\/div>\n\t\t<\/div>\n\t\t\t\t\t<\/div>\n\t\t<\/section>\n\t\t\t\t<\/div>\n\t\t","protected":false},"excerpt":{"rendered":"<p>Natur-Touren K\u00fcste oder See&#8230;? Nach ein paar Tagen in der Stadt m\u00f6chten Sie vielleicht raus aus der Stadt, um frische Luft und Abenteuer zu erleben! Wir organisieren rollstuhlgerechte Touren zu einigen Orten in der N\u00e4he von Valencia; zum Wandern entlang der Nordk\u00fcste oder zum Albufera-See, s\u00fcdlich von Valencia. Z\u00f6gern Sie nicht, uns f\u00fcr weitere Informationen [&hellip;]<\/p>\n","protected":false},"author":1,"featured_media":4368,"parent":0,"menu_order":0,"comment_status":"closed","ping_status":"closed","template":"","meta":{"footnotes":""},"class_list":["post-4461","page","type-page","status-publish","has-post-thumbnail","hentry"],"yoast_head":"<!-- This site is optimized with the Yoast SEO plugin v27.4 - https:\/\/yoast.com\/product\/yoast-seo-wordpress\/ -->\n<title>Natur-Touren - Accessible Valencia<\/title>\n<meta name=\"description\" content=\"Machen Sie einen Ausflug in die Natur Valencias mit einer unserer rollstuhlgerechten Naturtouren! Wir k\u00f6nnen an der K\u00fcste entlang oder zum Albufera-See wandern, wobei der Transport und das Mittagessen inbegriffen sind.\" \/>\n<meta name=\"robots\" content=\"index, follow, max-snippet:-1, max-image-preview:large, max-video-preview:-1\" \/>\n<link rel=\"canonical\" href=\"https:\/\/accessiblevalencia.es\/de\/natur-touren\/\" \/>\n<meta property=\"og:locale\" content=\"de_DE\" \/>\n<meta property=\"og:type\" content=\"article\" \/>\n<meta property=\"og:title\" content=\"Natur-Touren - Accessible Valencia\" \/>\n<meta property=\"og:description\" content=\"Machen Sie einen Ausflug in die Natur Valencias mit einer unserer rollstuhlgerechten Naturtouren! Wir k\u00f6nnen an der K\u00fcste entlang oder zum Albufera-See wandern, wobei der Transport und das Mittagessen inbegriffen sind.\" \/>\n<meta property=\"og:url\" content=\"https:\/\/accessiblevalencia.es\/de\/natur-touren\/\" \/>\n<meta property=\"og:site_name\" content=\"Accessible Valencia\" \/>\n<meta property=\"article:modified_time\" content=\"2024-06-12T06:50:10+00:00\" \/>\n<meta property=\"og:image\" content=\"https:\/\/accessiblevalencia.es\/wp-content\/uploads\/2022\/11\/shutterstock_712575202-scaled.jpg\" \/>\n\t<meta property=\"og:image:width\" content=\"2560\" \/>\n\t<meta property=\"og:image:height\" content=\"1644\" \/>\n\t<meta property=\"og:image:type\" content=\"image\/jpeg\" \/>\n<meta name=\"twitter:card\" content=\"summary_large_image\" \/>\n<script type=\"application\/ld+json\" class=\"yoast-schema-graph\">{\"@context\":\"https:\\\/\\\/schema.org\",\"@graph\":[{\"@type\":\"WebPage\",\"@id\":\"https:\\\/\\\/accessiblevalencia.es\\\/de\\\/natur-touren\\\/\",\"url\":\"https:\\\/\\\/accessiblevalencia.es\\\/de\\\/natur-touren\\\/\",\"name\":\"Natur-Touren - Accessible Valencia\",\"isPartOf\":{\"@id\":\"https:\\\/\\\/accessiblevalencia.es\\\/de\\\/#website\"},\"primaryImageOfPage\":{\"@id\":\"https:\\\/\\\/accessiblevalencia.es\\\/de\\\/natur-touren\\\/#primaryimage\"},\"image\":{\"@id\":\"https:\\\/\\\/accessiblevalencia.es\\\/de\\\/natur-touren\\\/#primaryimage\"},\"thumbnailUrl\":\"https:\\\/\\\/accessiblevalencia.es\\\/wp-content\\\/uploads\\\/2023\\\/01\\\/IMG_4522.jpg\",\"datePublished\":\"2023-01-17T14:03:52+00:00\",\"dateModified\":\"2024-06-12T06:50:10+00:00\",\"description\":\"Machen Sie einen Ausflug in die Natur Valencias mit einer unserer rollstuhlgerechten Naturtouren! Wir k\u00f6nnen an der K\u00fcste entlang oder zum Albufera-See wandern, wobei der Transport und das Mittagessen inbegriffen sind.\",\"breadcrumb\":{\"@id\":\"https:\\\/\\\/accessiblevalencia.es\\\/de\\\/natur-touren\\\/#breadcrumb\"},\"inLanguage\":\"de\",\"potentialAction\":[{\"@type\":\"ReadAction\",\"target\":[\"https:\\\/\\\/accessiblevalencia.es\\\/de\\\/natur-touren\\\/\"]}]},{\"@type\":\"ImageObject\",\"inLanguage\":\"de\",\"@id\":\"https:\\\/\\\/accessiblevalencia.es\\\/de\\\/natur-touren\\\/#primaryimage\",\"url\":\"https:\\\/\\\/accessiblevalencia.es\\\/wp-content\\\/uploads\\\/2023\\\/01\\\/IMG_4522.jpg\",\"contentUrl\":\"https:\\\/\\\/accessiblevalencia.es\\\/wp-content\\\/uploads\\\/2023\\\/01\\\/IMG_4522.jpg\",\"width\":2420,\"height\":1815},{\"@type\":\"BreadcrumbList\",\"@id\":\"https:\\\/\\\/accessiblevalencia.es\\\/de\\\/natur-touren\\\/#breadcrumb\",\"itemListElement\":[{\"@type\":\"ListItem\",\"position\":1,\"name\":\"Home\",\"item\":\"https:\\\/\\\/accessiblevalencia.es\\\/de\\\/\"},{\"@type\":\"ListItem\",\"position\":2,\"name\":\"Natur-Touren\"}]},{\"@type\":\"WebSite\",\"@id\":\"https:\\\/\\\/accessiblevalencia.es\\\/de\\\/#website\",\"url\":\"https:\\\/\\\/accessiblevalencia.es\\\/de\\\/\",\"name\":\"Accessible Valencia\",\"description\":\"Valencia in wheelchair\",\"publisher\":{\"@id\":\"https:\\\/\\\/accessiblevalencia.es\\\/de\\\/#organization\"},\"potentialAction\":[{\"@type\":\"SearchAction\",\"target\":{\"@type\":\"EntryPoint\",\"urlTemplate\":\"https:\\\/\\\/accessiblevalencia.es\\\/de\\\/?s={search_term_string}\"},\"query-input\":{\"@type\":\"PropertyValueSpecification\",\"valueRequired\":true,\"valueName\":\"search_term_string\"}}],\"inLanguage\":\"de\"},{\"@type\":\"Organization\",\"@id\":\"https:\\\/\\\/accessiblevalencia.es\\\/de\\\/#organization\",\"name\":\"Accessible Valencia\",\"url\":\"https:\\\/\\\/accessiblevalencia.es\\\/de\\\/\",\"logo\":{\"@type\":\"ImageObject\",\"inLanguage\":\"de\",\"@id\":\"https:\\\/\\\/accessiblevalencia.es\\\/de\\\/#\\\/schema\\\/logo\\\/image\\\/\",\"url\":\"https:\\\/\\\/accessiblevalencia.es\\\/wp-content\\\/uploads\\\/2020\\\/10\\\/Logo-Accessible-Valencia.svg\",\"contentUrl\":\"https:\\\/\\\/accessiblevalencia.es\\\/wp-content\\\/uploads\\\/2020\\\/10\\\/Logo-Accessible-Valencia.svg\",\"width\":222,\"height\":77,\"caption\":\"Accessible Valencia\"},\"image\":{\"@id\":\"https:\\\/\\\/accessiblevalencia.es\\\/de\\\/#\\\/schema\\\/logo\\\/image\\\/\"}}]}<\/script>\n<!-- \/ Yoast SEO plugin. -->","yoast_head_json":{"title":"Natur-Touren - Accessible Valencia","description":"Machen Sie einen Ausflug in die Natur Valencias mit einer unserer rollstuhlgerechten Naturtouren! Wir k\u00f6nnen an der K\u00fcste entlang oder zum Albufera-See wandern, wobei der Transport und das Mittagessen inbegriffen sind.","robots":{"index":"index","follow":"follow","max-snippet":"max-snippet:-1","max-image-preview":"max-image-preview:large","max-video-preview":"max-video-preview:-1"},"canonical":"https:\/\/accessiblevalencia.es\/de\/natur-touren\/","og_locale":"de_DE","og_type":"article","og_title":"Natur-Touren - Accessible Valencia","og_description":"Machen Sie einen Ausflug in die Natur Valencias mit einer unserer rollstuhlgerechten Naturtouren! Wir k\u00f6nnen an der K\u00fcste entlang oder zum Albufera-See wandern, wobei der Transport und das Mittagessen inbegriffen sind.","og_url":"https:\/\/accessiblevalencia.es\/de\/natur-touren\/","og_site_name":"Accessible Valencia","article_modified_time":"2024-06-12T06:50:10+00:00","og_image":[{"width":2560,"height":1644,"url":"https:\/\/accessiblevalencia.es\/wp-content\/uploads\/2022\/11\/shutterstock_712575202-scaled.jpg","type":"image\/jpeg"}],"twitter_card":"summary_large_image","schema":{"@context":"https:\/\/schema.org","@graph":[{"@type":"WebPage","@id":"https:\/\/accessiblevalencia.es\/de\/natur-touren\/","url":"https:\/\/accessiblevalencia.es\/de\/natur-touren\/","name":"Natur-Touren - Accessible Valencia","isPartOf":{"@id":"https:\/\/accessiblevalencia.es\/de\/#website"},"primaryImageOfPage":{"@id":"https:\/\/accessiblevalencia.es\/de\/natur-touren\/#primaryimage"},"image":{"@id":"https:\/\/accessiblevalencia.es\/de\/natur-touren\/#primaryimage"},"thumbnailUrl":"https:\/\/accessiblevalencia.es\/wp-content\/uploads\/2023\/01\/IMG_4522.jpg","datePublished":"2023-01-17T14:03:52+00:00","dateModified":"2024-06-12T06:50:10+00:00","description":"Machen Sie einen Ausflug in die Natur Valencias mit einer unserer rollstuhlgerechten Naturtouren! Wir k\u00f6nnen an der K\u00fcste entlang oder zum Albufera-See wandern, wobei der Transport und das Mittagessen inbegriffen sind.","breadcrumb":{"@id":"https:\/\/accessiblevalencia.es\/de\/natur-touren\/#breadcrumb"},"inLanguage":"de","potentialAction":[{"@type":"ReadAction","target":["https:\/\/accessiblevalencia.es\/de\/natur-touren\/"]}]},{"@type":"ImageObject","inLanguage":"de","@id":"https:\/\/accessiblevalencia.es\/de\/natur-touren\/#primaryimage","url":"https:\/\/accessiblevalencia.es\/wp-content\/uploads\/2023\/01\/IMG_4522.jpg","contentUrl":"https:\/\/accessiblevalencia.es\/wp-content\/uploads\/2023\/01\/IMG_4522.jpg","width":2420,"height":1815},{"@type":"BreadcrumbList","@id":"https:\/\/accessiblevalencia.es\/de\/natur-touren\/#breadcrumb","itemListElement":[{"@type":"ListItem","position":1,"name":"Home","item":"https:\/\/accessiblevalencia.es\/de\/"},{"@type":"ListItem","position":2,"name":"Natur-Touren"}]},{"@type":"WebSite","@id":"https:\/\/accessiblevalencia.es\/de\/#website","url":"https:\/\/accessiblevalencia.es\/de\/","name":"Accessible Valencia","description":"Valencia in wheelchair","publisher":{"@id":"https:\/\/accessiblevalencia.es\/de\/#organization"},"potentialAction":[{"@type":"SearchAction","target":{"@type":"EntryPoint","urlTemplate":"https:\/\/accessiblevalencia.es\/de\/?s={search_term_string}"},"query-input":{"@type":"PropertyValueSpecification","valueRequired":true,"valueName":"search_term_string"}}],"inLanguage":"de"},{"@type":"Organization","@id":"https:\/\/accessiblevalencia.es\/de\/#organization","name":"Accessible Valencia","url":"https:\/\/accessiblevalencia.es\/de\/","logo":{"@type":"ImageObject","inLanguage":"de","@id":"https:\/\/accessiblevalencia.es\/de\/#\/schema\/logo\/image\/","url":"https:\/\/accessiblevalencia.es\/wp-content\/uploads\/2020\/10\/Logo-Accessible-Valencia.svg","contentUrl":"https:\/\/accessiblevalencia.es\/wp-content\/uploads\/2020\/10\/Logo-Accessible-Valencia.svg","width":222,"height":77,"caption":"Accessible Valencia"},"image":{"@id":"https:\/\/accessiblevalencia.es\/de\/#\/schema\/logo\/image\/"}}]}},"_links":{"self":[{"href":"https:\/\/accessiblevalencia.es\/de\/wp-json\/wp\/v2\/pages\/4461","targetHints":{"allow":["GET"]}}],"collection":[{"href":"https:\/\/accessiblevalencia.es\/de\/wp-json\/wp\/v2\/pages"}],"about":[{"href":"https:\/\/accessiblevalencia.es\/de\/wp-json\/wp\/v2\/types\/page"}],"author":[{"embeddable":true,"href":"https:\/\/accessiblevalencia.es\/de\/wp-json\/wp\/v2\/users\/1"}],"replies":[{"embeddable":true,"href":"https:\/\/accessiblevalencia.es\/de\/wp-json\/wp\/v2\/comments?post=4461"}],"version-history":[{"count":0,"href":"https:\/\/accessiblevalencia.es\/de\/wp-json\/wp\/v2\/pages\/4461\/revisions"}],"wp:featuredmedia":[{"embeddable":true,"href":"https:\/\/accessiblevalencia.es\/de\/wp-json\/wp\/v2\/media\/4368"}],"wp:attachment":[{"href":"https:\/\/accessiblevalencia.es\/de\/wp-json\/wp\/v2\/media?parent=4461"}],"curies":[{"name":"wp","href":"https:\/\/api.w.org\/{rel}","templated":true}]}}